{"id":175,"date":"2013-04-04T08:22:49","date_gmt":"2013-04-04T08:22:49","guid":{"rendered":"http:\/\/www.berniland.ro\/tm\/?page_id=175"},"modified":"2024-11-12T08:57:08","modified_gmt":"2024-11-12T08:57:08","slug":"noutati","status":"publish","type":"page","link":"https:\/\/www.berniland.ro\/tm\/noutati\/","title":{"rendered":"Noutati"},"content":{"rendered":"\n<p>Disponibili 2 masculi  nascuti in 16.09.2024 din Cijana Bern Haus on Oka si Cash of Berniland<\/p>\n\n\n\n<figure class=\"wp-block-image size-large is-resized\"><a href=\"http:\/\/www.berniland.ro\/tm\/wp-content\/uploads\/2024\/11\/IMG_44101.jpg\"><img loading=\"lazy\" decoding=\"async\" width=\"1024\" height=\"984\" src=\"http:\/\/www.berniland.ro\/tm\/wp-content\/uploads\/2024\/11\/IMG_44101-1024x984.jpg\" alt=\"\" class=\"wp-image-1539\" style=\"width:283px;height:auto\" srcset=\"https:\/\/www.berniland.ro\/tm\/wp-content\/uploads\/2024\/11\/IMG_44101-1024x984.jpg 1024w, https:\/\/www.berniland.ro\/tm\/wp-content\/uploads\/2024\/11\/IMG_44101-300x288.jpg 300w, https:\/\/www.berniland.ro\/tm\/wp-content\/uploads\/2024\/11\/IMG_44101-768x738.jpg 768w, https:\/\/www.berniland.ro\/tm\/wp-content\/uploads\/2024\/11\/IMG_44101-1536x1476.jpg 1536w\" sizes=\"auto, (max-width: 1024px) 100vw, 1024px\" \/><\/a><\/figure>\n\n\n\n<figure class=\"wp-block-gallery has-nested-images columns-default is-cropped wp-block-gallery-1 is-layout-flex wp-block-gallery-is-layout-flex\">\n<figure class=\"wp-block-image size-full\"><a href=\"https:\/\/www.berniland.ro\/tm\/wp-content\/uploads\/2024\/11\/IMG_44301.jpg\"><img decoding=\"async\" data-id=\"1538\" src=\"https:\/\/www.berniland.ro\/tm\/wp-content\/uploads\/2024\/11\/IMG_44301.jpg\" alt=\"\" class=\"wp-image-1538\"\/><\/a><\/figure>\n<\/figure>\n\n\n\n<figure class=\"wp-block-gallery has-nested-images columns-default is-cropped wp-block-gallery-2 is-layout-flex wp-block-gallery-is-layout-flex\">\n<figure class=\"wp-block-image size-large\"><a href=\"https:\/\/www.berniland.ro\/tm\/wp-content\/uploads\/2024\/11\/IMG-20241026-WA00551.jpg\"><img loading=\"lazy\" decoding=\"async\" width=\"1024\" height=\"659\" data-id=\"1547\" src=\"https:\/\/www.berniland.ro\/tm\/wp-content\/uploads\/2024\/11\/IMG-20241026-WA00551-1024x659.jpg\" alt=\"\" class=\"wp-image-1547\" srcset=\"https:\/\/www.berniland.ro\/tm\/wp-content\/uploads\/2024\/11\/IMG-20241026-WA00551-1024x659.jpg 1024w, https:\/\/www.berniland.ro\/tm\/wp-content\/uploads\/2024\/11\/IMG-20241026-WA00551-300x193.jpg 300w, https:\/\/www.berniland.ro\/tm\/wp-content\/uploads\/2024\/11\/IMG-20241026-WA00551-768x494.jpg 768w, https:\/\/www.berniland.ro\/tm\/wp-content\/uploads\/2024\/11\/IMG-20241026-WA00551-1536x988.jpg 1536w, https:\/\/www.berniland.ro\/tm\/wp-content\/uploads\/2024\/11\/IMG-20241026-WA00551-466x300.jpg 466w, https:\/\/www.berniland.ro\/tm\/wp-content\/uploads\/2024\/11\/IMG-20241026-WA00551.jpg 1836w\" sizes=\"auto, (max-width: 1024px) 100vw, 1024px\" \/><\/a><\/figure>\n<\/figure>\n\n\n\n<figure class=\"wp-block-gallery has-nested-images columns-default is-cropped wp-block-gallery-3 is-layout-flex wp-block-gallery-is-layout-flex\">\n<figure class=\"wp-block-image size-large\"><a href=\"https:\/\/www.berniland.ro\/tm\/wp-content\/uploads\/2024\/11\/IMG-20241026-WA00001.jpg\"><img loading=\"lazy\" decoding=\"async\" width=\"1024\" height=\"546\" data-id=\"1544\" src=\"https:\/\/www.berniland.ro\/tm\/wp-content\/uploads\/2024\/11\/IMG-20241026-WA00001-1024x546.jpg\" alt=\"\" class=\"wp-image-1544\" srcset=\"https:\/\/www.berniland.ro\/tm\/wp-content\/uploads\/2024\/11\/IMG-20241026-WA00001-1024x546.jpg 1024w, https:\/\/www.berniland.ro\/tm\/wp-content\/uploads\/2024\/11\/IMG-20241026-WA00001-300x160.jpg 300w, https:\/\/www.berniland.ro\/tm\/wp-content\/uploads\/2024\/11\/IMG-20241026-WA00001-768x409.jpg 768w, https:\/\/www.berniland.ro\/tm\/wp-content\/uploads\/2024\/11\/IMG-20241026-WA00001-1536x819.jpg 1536w, https:\/\/www.berniland.ro\/tm\/wp-content\/uploads\/2024\/11\/IMG-20241026-WA00001-500x266.jpg 500w, https:\/\/www.berniland.ro\/tm\/wp-content\/uploads\/2024\/11\/IMG-20241026-WA00001.jpg 2032w\" sizes=\"auto, (max-width: 1024px) 100vw, 1024px\" \/><\/a><figcaption class=\"wp-element-caption\">LIKA<\/figcaption><\/figure>\n<\/figure>\n\n\n\n<figure class=\"wp-block-gallery has-nested-images columns-default is-cropped wp-block-gallery-4 is-layout-flex wp-block-gallery-is-layout-flex\">\n<figure class=\"wp-block-image size-large\"><a href=\"https:\/\/www.berniland.ro\/tm\/wp-content\/uploads\/2024\/11\/IMG-20241026-WA00011.jpg\"><img loading=\"lazy\" decoding=\"async\" width=\"1024\" height=\"504\" data-id=\"1545\" src=\"https:\/\/www.berniland.ro\/tm\/wp-content\/uploads\/2024\/11\/IMG-20241026-WA00011-1024x504.jpg\" alt=\"\" class=\"wp-image-1545\" srcset=\"https:\/\/www.berniland.ro\/tm\/wp-content\/uploads\/2024\/11\/IMG-20241026-WA00011-1024x504.jpg 1024w, https:\/\/www.berniland.ro\/tm\/wp-content\/uploads\/2024\/11\/IMG-20241026-WA00011-300x148.jpg 300w, https:\/\/www.berniland.ro\/tm\/wp-content\/uploads\/2024\/11\/IMG-20241026-WA00011-768x378.jpg 768w, https:\/\/www.berniland.ro\/tm\/wp-content\/uploads\/2024\/11\/IMG-20241026-WA00011-500x246.jpg 500w, https:\/\/www.berniland.ro\/tm\/wp-content\/uploads\/2024\/11\/IMG-20241026-WA00011.jpg 1420w\" sizes=\"auto, (max-width: 1024px) 100vw, 1024px\" \/><\/a><\/figure>\n<\/figure>\n\n\n\n<figure class=\"wp-block-gallery has-nested-images columns-default is-cropped wp-block-gallery-5 is-layout-flex wp-block-gallery-is-layout-flex\">\n<figure class=\"wp-block-image size-large\"><a href=\"https:\/\/www.berniland.ro\/tm\/wp-content\/uploads\/2024\/11\/Photoroom-20241012_1226451.png\"><img loading=\"lazy\" decoding=\"async\" width=\"820\" height=\"312\" data-id=\"1550\" src=\"https:\/\/www.berniland.ro\/tm\/wp-content\/uploads\/2024\/11\/Photoroom-20241012_1226451.png\" alt=\"\" class=\"wp-image-1550\" srcset=\"https:\/\/www.berniland.ro\/tm\/wp-content\/uploads\/2024\/11\/Photoroom-20241012_1226451.png 820w, https:\/\/www.berniland.ro\/tm\/wp-content\/uploads\/2024\/11\/Photoroom-20241012_1226451-300x114.png 300w, https:\/\/www.berniland.ro\/tm\/wp-content\/uploads\/2024\/11\/Photoroom-20241012_1226451-768x292.png 768w, https:\/\/www.berniland.ro\/tm\/wp-content\/uploads\/2024\/11\/Photoroom-20241012_1226451-500x190.png 500w\" sizes=\"auto, (max-width: 820px) 100vw, 820px\" \/><\/a><\/figure>\n<\/figure>\n\n\n\n<p>LIKA OF BERNILAND- CAC\/CACIB CAREI 21\/09\/2024&#8230;.EXC1,2CACJ,2BEST JUNIOR.<\/p>\n\n\n\n<figure class=\"wp-block-gallery has-nested-images columns-default is-cropped wp-block-gallery-6 is-layout-flex wp-block-gallery-is-layout-flex\">\n<figure class=\"wp-block-image size-large\"><a href=\"https:\/\/www.berniland.ro\/tm\/wp-content\/uploads\/2024\/11\/Photoroom-20240803_2047361.png\"><img loading=\"lazy\" decoding=\"async\" width=\"768\" height=\"1024\" data-id=\"1551\" src=\"https:\/\/www.berniland.ro\/tm\/wp-content\/uploads\/2024\/11\/Photoroom-20240803_2047361-768x1024.png\" alt=\"\" class=\"wp-image-1551\" srcset=\"https:\/\/www.berniland.ro\/tm\/wp-content\/uploads\/2024\/11\/Photoroom-20240803_2047361-768x1024.png 768w, https:\/\/www.berniland.ro\/tm\/wp-content\/uploads\/2024\/11\/Photoroom-20240803_2047361-225x300.png 225w, https:\/\/www.berniland.ro\/tm\/wp-content\/uploads\/2024\/11\/Photoroom-20240803_2047361-1152x1536.png 1152w, https:\/\/www.berniland.ro\/tm\/wp-content\/uploads\/2024\/11\/Photoroom-20240803_2047361.png 1500w\" sizes=\"auto, (max-width: 768px) 100vw, 768px\" \/><\/a><\/figure>\n<\/figure>\n\n\n\n<p>Catei Ciobanesc de Berna din Venelia si Cash of Berniland ,nascuti pe 10.11.2023<\/p>\n\n\n\n<figure class=\"wp-block-image size-large\"><a href=\"https:\/\/www.berniland.ro\/tm\/wp-content\/uploads\/2023\/11\/398626055_24742422965349132_2264661454700865862_n-1.jpg\"><img loading=\"lazy\" decoding=\"async\" width=\"1024\" height=\"484\" src=\"https:\/\/www.berniland.ro\/tm\/wp-content\/uploads\/2023\/11\/398626055_24742422965349132_2264661454700865862_n-1-1024x484.jpg\" alt=\"\" class=\"wp-image-1472\" srcset=\"https:\/\/www.berniland.ro\/tm\/wp-content\/uploads\/2023\/11\/398626055_24742422965349132_2264661454700865862_n-1-1024x484.jpg 1024w, https:\/\/www.berniland.ro\/tm\/wp-content\/uploads\/2023\/11\/398626055_24742422965349132_2264661454700865862_n-1-300x142.jpg 300w, https:\/\/www.berniland.ro\/tm\/wp-content\/uploads\/2023\/11\/398626055_24742422965349132_2264661454700865862_n-1-768x363.jpg 768w, https:\/\/www.berniland.ro\/tm\/wp-content\/uploads\/2023\/11\/398626055_24742422965349132_2264661454700865862_n-1-500x236.jpg 500w, https:\/\/www.berniland.ro\/tm\/wp-content\/uploads\/2023\/11\/398626055_24742422965349132_2264661454700865862_n-1.jpg 1280w\" sizes=\"auto, (max-width: 1024px) 100vw, 1024px\" \/><\/a><\/figure>\n\n\n\n<p><\/p>\n\n\n<div dir=\"auto\"><a href=\"http:\/\/www.berniland.ro\/tm\/wp-content\/uploads\/2022\/06\/285993156_8072238259460865_7738440569474929100_n.jpg\"><img loading=\"lazy\" decoding=\"async\" class=\"alignleft wp-image-1435\" src=\"http:\/\/www.berniland.ro\/tm\/wp-content\/uploads\/2022\/06\/285993156_8072238259460865_7738440569474929100_n-222x300.jpg\" alt=\"Havi of Berniland,almost 6 months \" width=\"225\" height=\"304\" srcset=\"https:\/\/www.berniland.ro\/tm\/wp-content\/uploads\/2022\/06\/285993156_8072238259460865_7738440569474929100_n-222x300.jpg 222w, https:\/\/www.berniland.ro\/tm\/wp-content\/uploads\/2022\/06\/285993156_8072238259460865_7738440569474929100_n-758x1024.jpg 758w, https:\/\/www.berniland.ro\/tm\/wp-content\/uploads\/2022\/06\/285993156_8072238259460865_7738440569474929100_n-768x1038.jpg 768w, https:\/\/www.berniland.ro\/tm\/wp-content\/uploads\/2022\/06\/285993156_8072238259460865_7738440569474929100_n-1137x1536.jpg 1137w, https:\/\/www.berniland.ro\/tm\/wp-content\/uploads\/2022\/06\/285993156_8072238259460865_7738440569474929100_n.jpg 1516w\" sizes=\"auto, (max-width: 225px) 100vw, 225px\" \/><\/a><\/div>\n<div dir=\"auto\">&nbsp;<\/div>\n<div dir=\"auto\"><a href=\"http:\/\/www.berniland.ro\/tm\/wp-content\/uploads\/2022\/06\/285827075_8072189699465721_5817078337731064326_n.jpg\"><img loading=\"lazy\" decoding=\"async\" class=\"wp-image-1433 alignright\" src=\"http:\/\/www.berniland.ro\/tm\/wp-content\/uploads\/2022\/06\/285827075_8072189699465721_5817078337731064326_n-300x265.jpg\" alt=\"\" width=\"314\" height=\"277\" srcset=\"https:\/\/www.berniland.ro\/tm\/wp-content\/uploads\/2022\/06\/285827075_8072189699465721_5817078337731064326_n-300x265.jpg 300w, https:\/\/www.berniland.ro\/tm\/wp-content\/uploads\/2022\/06\/285827075_8072189699465721_5817078337731064326_n-1024x906.jpg 1024w, https:\/\/www.berniland.ro\/tm\/wp-content\/uploads\/2022\/06\/285827075_8072189699465721_5817078337731064326_n-768x680.jpg 768w, https:\/\/www.berniland.ro\/tm\/wp-content\/uploads\/2022\/06\/285827075_8072189699465721_5817078337731064326_n-1536x1359.jpg 1536w, https:\/\/www.berniland.ro\/tm\/wp-content\/uploads\/2022\/06\/285827075_8072189699465721_5817078337731064326_n.jpg 2048w\" sizes=\"auto, (max-width: 314px) 100vw, 314px\" \/><\/a><\/div>\n<div dir=\"auto\">&nbsp;<\/div>\n<div dir=\"auto\">&nbsp;<\/div>\n<div dir=\"auto\">&nbsp;<\/div>\n<div dir=\"auto\">&nbsp;<\/div>\n<div dir=\"auto\">&nbsp;<\/div>\n<div dir=\"auto\">&nbsp;<\/div>\n<div dir=\"auto\">&nbsp;<\/div>\n<div dir=\"auto\">&nbsp;<\/div>\n<div dir=\"auto\">&nbsp;<\/div>\n<div dir=\"auto\">&nbsp;<\/div>\n<div dir=\"auto\">&nbsp;<\/div>\n<div dir=\"auto\">&nbsp;<\/div>\n<div dir=\"auto\">&nbsp;<\/div>\n<div dir=\"auto\">&nbsp;<\/div>\n<div dir=\"auto\">&nbsp;<\/div>\n<div dir=\"auto\">Havi &amp; Holly of Berniland,almost 6 months(6 luni).Disponibili,in cautarea unei case.<\/div>\n<div dir=\"auto\">&nbsp;<\/div>\n<div dir=\"auto\">&nbsp; &nbsp; &nbsp; &nbsp; &nbsp; &nbsp; &nbsp; &nbsp; &nbsp; &nbsp; &nbsp; &nbsp; &nbsp; &nbsp; &nbsp; &nbsp; &nbsp; &nbsp; &nbsp; &nbsp; &nbsp; &nbsp; &nbsp; &nbsp; &nbsp; &nbsp; &nbsp; &nbsp; &nbsp; &nbsp; &nbsp; &nbsp; &nbsp; &nbsp; &nbsp; &nbsp; &nbsp; &nbsp;* * *<\/div>\n<div dir=\"auto\">C\u0103\u021bei 9 s\u0103pt\u0103m\u00e2ni,majoritatea au 10kg ,micocipa\u021bi,deparazta\u021bi,vaccina\u021bi,pedigree.<\/div>\n<div dir=\"auto\"><a class=\"oajrlxb2 g5ia77u1 qu0x051f esr5mh6w e9989ue4 r7d6kgcz rq0escxv nhd2j8a9 nc684nl6 p7hjln8o kvgmc6g5 cxmmr5t8 oygrvhab hcukyx3x jb3vyjys rz4wbd8a qt6c0cv9 a8nywdso i1ao9s8h esuyzwwr f1sip0of lzcic4wl gpro0wi8 py34i1dx\" tabindex=\"0\" role=\"link\" href=\"http:\/\/ingrus.net\/berner\/en\/testmating\/39371\/37849?fbclid=IwAR1woh4-SIwAuUgIiWsnYnUYCs0xPOl8yddp6z-_uNe2PyceCgYlJwP0T0g\" target=\"_blank\" rel=\"nofollow noopener\">http:\/\/ingrus.net\/berner\/en\/testmating\/39371\/37849<\/a><\/div>\n<div dir=\"auto\">CASH OF BERNILAND\/parents Sire: MARCO OF BERNILAND<\/div>\n<div dir=\"auto\">Dam:FINLANDIA BLACK VELVET.<\/div>\n<div dir=\"auto\">2CACJ,CAC,2BOB,exon.1\/2.N\/N.HD A\/ED 0\/OCD 0.<\/div>\n<div dir=\"auto\">VENELIA OF BERNILAND\/parents Sire: CAME TO WIN AFRODITA&#8217;S HALL OF FAME<\/div>\n<div dir=\"auto\">Dam:OCEAN BLUE OF BERNILAND<\/div>\n<div dir=\"auto\">RoJCh,3CACj,Best Junior,HDB\/EDO\/OCD\/O,DM,exon1N \/N,exon2N\/N<\/div>\n<div dir=\"auto\"><img loading=\"lazy\" decoding=\"async\" class=\"alignleft  wp-image-1422\" src=\"http:\/\/www.berniland.ro\/tm\/wp-content\/uploads\/2022\/02\/274528315_7104422602963008_47513925217114028_n-300x181.jpg\" alt=\"\" width=\"270\" height=\"163\" srcset=\"https:\/\/www.berniland.ro\/tm\/wp-content\/uploads\/2022\/02\/274528315_7104422602963008_47513925217114028_n-300x181.jpg 300w, https:\/\/www.berniland.ro\/tm\/wp-content\/uploads\/2022\/02\/274528315_7104422602963008_47513925217114028_n-1024x619.jpg 1024w, https:\/\/www.berniland.ro\/tm\/wp-content\/uploads\/2022\/02\/274528315_7104422602963008_47513925217114028_n-768x465.jpg 768w, https:\/\/www.berniland.ro\/tm\/wp-content\/uploads\/2022\/02\/274528315_7104422602963008_47513925217114028_n-1536x929.jpg 1536w, https:\/\/www.berniland.ro\/tm\/wp-content\/uploads\/2022\/02\/274528315_7104422602963008_47513925217114028_n.jpg 1645w\" sizes=\"auto, (max-width: 270px) 100vw, 270px\" \/><\/div>\n<p><img loading=\"lazy\" decoding=\"async\" class=\"wp-image-1423 alignleft\" src=\"http:\/\/www.berniland.ro\/tm\/wp-content\/uploads\/2022\/02\/274539382_7554938001190896_6799838679339242445_n-265x300.jpg\" alt=\"\" width=\"175\" height=\"198\" srcset=\"https:\/\/www.berniland.ro\/tm\/wp-content\/uploads\/2022\/02\/274539382_7554938001190896_6799838679339242445_n-265x300.jpg 265w, https:\/\/www.berniland.ro\/tm\/wp-content\/uploads\/2022\/02\/274539382_7554938001190896_6799838679339242445_n-903x1024.jpg 903w, https:\/\/www.berniland.ro\/tm\/wp-content\/uploads\/2022\/02\/274539382_7554938001190896_6799838679339242445_n-768x871.jpg 768w, https:\/\/www.berniland.ro\/tm\/wp-content\/uploads\/2022\/02\/274539382_7554938001190896_6799838679339242445_n-1355x1536.jpg 1355w, https:\/\/www.berniland.ro\/tm\/wp-content\/uploads\/2022\/02\/274539382_7554938001190896_6799838679339242445_n.jpg 1742w\" sizes=\"auto, (max-width: 175px) 100vw, 175px\" \/><\/p>\n<p><img loading=\"lazy\" decoding=\"async\" class=\"wp-image-1419 alignright\" src=\"http:\/\/www.berniland.ro\/tm\/wp-content\/uploads\/2022\/02\/274344362_7093265380745397_767523262462960809_n-217x300.jpg\" alt=\"\" width=\"141\" height=\"195\" srcset=\"https:\/\/www.berniland.ro\/tm\/wp-content\/uploads\/2022\/02\/274344362_7093265380745397_767523262462960809_n-217x300.jpg 217w, https:\/\/www.berniland.ro\/tm\/wp-content\/uploads\/2022\/02\/274344362_7093265380745397_767523262462960809_n-742x1024.jpg 742w, https:\/\/www.berniland.ro\/tm\/wp-content\/uploads\/2022\/02\/274344362_7093265380745397_767523262462960809_n-768x1060.jpg 768w, https:\/\/www.berniland.ro\/tm\/wp-content\/uploads\/2022\/02\/274344362_7093265380745397_767523262462960809_n-1113x1536.jpg 1113w, https:\/\/www.berniland.ro\/tm\/wp-content\/uploads\/2022\/02\/274344362_7093265380745397_767523262462960809_n.jpg 1333w\" sizes=\"auto, (max-width: 141px) 100vw, 141px\" \/><\/p>\n<p><img loading=\"lazy\" decoding=\"async\" class=\" wp-image-1418 alignright\" src=\"http:\/\/www.berniland.ro\/tm\/wp-content\/uploads\/2022\/02\/274398113_7099788193426449_3170387140978619695_n-200x300.jpg\" alt=\"\" width=\"132\" height=\"199\" srcset=\"https:\/\/www.berniland.ro\/tm\/wp-content\/uploads\/2022\/02\/274398113_7099788193426449_3170387140978619695_n-200x300.jpg 200w, https:\/\/www.berniland.ro\/tm\/wp-content\/uploads\/2022\/02\/274398113_7099788193426449_3170387140978619695_n.jpg 526w\" sizes=\"auto, (max-width: 132px) 100vw, 132px\" \/><\/p>\n<\/p>\n<p><img loading=\"lazy\" decoding=\"async\" class=\"size-medium wp-image-1416 alignleft\" src=\"http:\/\/www.berniland.ro\/tm\/wp-content\/uploads\/2022\/02\/IMG_3525.jpg\" alt=\"\" width=\"1\" height=\"1\"><\/p>\n<p><img loading=\"lazy\" decoding=\"async\" class=\"aligncenter size-medium wp-image-1416\" src=\"http:\/\/www.berniland.ro\/tm\/wp-content\/uploads\/2022\/02\/IMG_3525.jpg\" alt=\"\" width=\"1\" height=\"1\"><\/p>\n<\/p>\n<p>Cash of Berniland-09.05.2021\/ 1 an si 5 luni<\/p>\n<p><img loading=\"lazy\" decoding=\"async\" class=\"aligncenter size-medium wp-image-1385\" src=\"http:\/\/www.berniland.ro\/tm\/wp-content\/uploads\/2021\/06\/A49B3E71-FEEE-42AE-96BD-0120FB4CF137-200x300.jpg\" alt=\"\" width=\"200\" height=\"300\" srcset=\"https:\/\/www.berniland.ro\/tm\/wp-content\/uploads\/2021\/06\/A49B3E71-FEEE-42AE-96BD-0120FB4CF137-200x300.jpg 200w, https:\/\/www.berniland.ro\/tm\/wp-content\/uploads\/2021\/06\/A49B3E71-FEEE-42AE-96BD-0120FB4CF137-682x1024.jpg 682w, https:\/\/www.berniland.ro\/tm\/wp-content\/uploads\/2021\/06\/A49B3E71-FEEE-42AE-96BD-0120FB4CF137-768x1152.jpg 768w, https:\/\/www.berniland.ro\/tm\/wp-content\/uploads\/2021\/06\/A49B3E71-FEEE-42AE-96BD-0120FB4CF137-1024x1536.jpg 1024w, https:\/\/www.berniland.ro\/tm\/wp-content\/uploads\/2021\/06\/A49B3E71-FEEE-42AE-96BD-0120FB4CF137.jpg 1133w\" sizes=\"auto, (max-width: 200px) 100vw, 200px\" \/><\/p>\n<\/p>\n<p><strong>Zina.of.Berniland:CACIB\/CAC.Timisoara:3exc,2CACJ.<\/strong><\/p>\n<p><img loading=\"lazy\" decoding=\"async\" class=\"aligncenter size-medium wp-image-1364\" src=\"http:\/\/www.berniland.ro\/tm\/wp-content\/uploads\/2020\/11\/EA3Q6195.ZINA_-205x300.jpg\" alt=\"\" width=\"205\" height=\"300\" srcset=\"https:\/\/www.berniland.ro\/tm\/wp-content\/uploads\/2020\/11\/EA3Q6195.ZINA_-205x300.jpg 205w, https:\/\/www.berniland.ro\/tm\/wp-content\/uploads\/2020\/11\/EA3Q6195.ZINA_-699x1024.jpg 699w, https:\/\/www.berniland.ro\/tm\/wp-content\/uploads\/2020\/11\/EA3Q6195.ZINA_-768x1125.jpg 768w, https:\/\/www.berniland.ro\/tm\/wp-content\/uploads\/2020\/11\/EA3Q6195.ZINA_-1049x1536.jpg 1049w, https:\/\/www.berniland.ro\/tm\/wp-content\/uploads\/2020\/11\/EA3Q6195.ZINA_-rotated.jpg 1356w\" sizes=\"auto, (max-width: 205px) 100vw, 205px\" \/><\/p>\n<p><strong>Xenon.&amp;.Xandra-Junior.Champions.of.Serbia.<\/strong><\/p>\n<p><img loading=\"lazy\" decoding=\"async\" class=\"aligncenter size-medium wp-image-1362\" src=\"http:\/\/www.berniland.ro\/tm\/wp-content\/uploads\/2020\/11\/my_photo_collage-7-300x300.png\" alt=\"\" width=\"300\" height=\"300\" srcset=\"https:\/\/www.berniland.ro\/tm\/wp-content\/uploads\/2020\/11\/my_photo_collage-7-300x300.png 300w, https:\/\/www.berniland.ro\/tm\/wp-content\/uploads\/2020\/11\/my_photo_collage-7-1024x1024.png 1024w, https:\/\/www.berniland.ro\/tm\/wp-content\/uploads\/2020\/11\/my_photo_collage-7-150x150.png 150w, https:\/\/www.berniland.ro\/tm\/wp-content\/uploads\/2020\/11\/my_photo_collage-7-768x768.png 768w, https:\/\/www.berniland.ro\/tm\/wp-content\/uploads\/2020\/11\/my_photo_collage-7-1536x1536.png 1536w, https:\/\/www.berniland.ro\/tm\/wp-content\/uploads\/2020\/11\/my_photo_collage-7.png 2000w\" sizes=\"auto, (max-width: 300px) 100vw, 300px\" \/><\/p>\n<p><img loading=\"lazy\" decoding=\"async\" class=\"aligncenter size-medium wp-image-1358\" src=\"http:\/\/www.berniland.ro\/tm\/wp-content\/uploads\/2020\/11\/cac-velika-greda-300x125.jpg\" alt=\"\" width=\"300\" height=\"125\" srcset=\"https:\/\/www.berniland.ro\/tm\/wp-content\/uploads\/2020\/11\/cac-velika-greda-300x125.jpg 300w, https:\/\/www.berniland.ro\/tm\/wp-content\/uploads\/2020\/11\/cac-velika-greda-1024x428.jpg 1024w, https:\/\/www.berniland.ro\/tm\/wp-content\/uploads\/2020\/11\/cac-velika-greda-768x321.jpg 768w, https:\/\/www.berniland.ro\/tm\/wp-content\/uploads\/2020\/11\/cac-velika-greda-1536x641.jpg 1536w, https:\/\/www.berniland.ro\/tm\/wp-content\/uploads\/2020\/11\/cac-velika-greda-2048x855.jpg 2048w\" sizes=\"auto, (max-width: 300px) 100vw, 300px\" \/><\/p>\n<p><img loading=\"lazy\" decoding=\"async\" class=\"aligncenter size-medium wp-image-1357\" src=\"http:\/\/www.berniland.ro\/tm\/wp-content\/uploads\/2020\/11\/XX-Pancevo-CAC-300x100.jpg\" alt=\"\" width=\"300\" height=\"100\" srcset=\"https:\/\/www.berniland.ro\/tm\/wp-content\/uploads\/2020\/11\/XX-Pancevo-CAC-300x100.jpg 300w, https:\/\/www.berniland.ro\/tm\/wp-content\/uploads\/2020\/11\/XX-Pancevo-CAC-1024x341.jpg 1024w, https:\/\/www.berniland.ro\/tm\/wp-content\/uploads\/2020\/11\/XX-Pancevo-CAC-768x256.jpg 768w, https:\/\/www.berniland.ro\/tm\/wp-content\/uploads\/2020\/11\/XX-Pancevo-CAC-1536x512.jpg 1536w, https:\/\/www.berniland.ro\/tm\/wp-content\/uploads\/2020\/11\/XX-Pancevo-CAC-2048x683.jpg 2048w\" sizes=\"auto, (max-width: 300px) 100vw, 300px\" \/><\/p>\n<p><strong>Cash of Berniland,son of Finlandia and Marco of Berniland,at<\/strong><\/p>\n<p><strong> 10 months -first show,and he did it well.<\/strong><br \/><strong>CACIB BAIA-MARE:3EXC,2CACJ,2BOB.<\/strong><\/p>\n<p><img loading=\"lazy\" decoding=\"async\" class=\"aligncenter size-medium wp-image-1348\" src=\"http:\/\/www.berniland.ro\/tm\/wp-content\/uploads\/2020\/11\/Cash.10.months.COPY_-300x170.jpg\" alt=\"\" width=\"300\" height=\"170\" srcset=\"https:\/\/www.berniland.ro\/tm\/wp-content\/uploads\/2020\/11\/Cash.10.months.COPY_-300x170.jpg 300w, https:\/\/www.berniland.ro\/tm\/wp-content\/uploads\/2020\/11\/Cash.10.months.COPY_-1024x581.jpg 1024w, https:\/\/www.berniland.ro\/tm\/wp-content\/uploads\/2020\/11\/Cash.10.months.COPY_-768x436.jpg 768w, https:\/\/www.berniland.ro\/tm\/wp-content\/uploads\/2020\/11\/Cash.10.months.COPY_-1536x871.jpg 1536w, https:\/\/www.berniland.ro\/tm\/wp-content\/uploads\/2020\/11\/Cash.10.months.COPY_.jpg 1756w\" sizes=\"auto, (max-width: 300px) 100vw, 300px\" \/><\/p>\n<p><strong>Finlandia Black-Velvet,our new InterChampion.<\/strong><img loading=\"lazy\" decoding=\"async\" class=\"aligncenter size-medium wp-image-1345\" src=\"http:\/\/www.berniland.ro\/tm\/wp-content\/uploads\/2020\/11\/IMG_1299-300x255.jpg\" alt=\"\" width=\"300\" height=\"255\" srcset=\"https:\/\/www.berniland.ro\/tm\/wp-content\/uploads\/2020\/11\/IMG_1299-300x255.jpg 300w, https:\/\/www.berniland.ro\/tm\/wp-content\/uploads\/2020\/11\/IMG_1299-1024x871.jpg 1024w, https:\/\/www.berniland.ro\/tm\/wp-content\/uploads\/2020\/11\/IMG_1299-768x653.jpg 768w, https:\/\/www.berniland.ro\/tm\/wp-content\/uploads\/2020\/11\/IMG_1299.jpg 1370w\" sizes=\"auto, (max-width: 300px) 100vw, 300px\" \/><\/p>\n<\/p>\n\n\n<p><strong>Litter AA(14.11.2019) &amp; BB of Berniland(19.11.2019)<\/strong><\/p>\n\n\n\n<figure class=\"wp-block-image size-large is-resized\"><img loading=\"lazy\" decoding=\"async\" width=\"1024\" height=\"462\" src=\"http:\/\/www.berniland.ro\/tm\/wp-content\/uploads\/2020\/01\/IMG_1256-1024x462.jpg\" alt=\"\" class=\"wp-image-1224\" style=\"width:308px;height:138px\" srcset=\"https:\/\/www.berniland.ro\/tm\/wp-content\/uploads\/2020\/01\/IMG_1256-1024x462.jpg 1024w, https:\/\/www.berniland.ro\/tm\/wp-content\/uploads\/2020\/01\/IMG_1256-300x135.jpg 300w, https:\/\/www.berniland.ro\/tm\/wp-content\/uploads\/2020\/01\/IMG_1256-768x346.jpg 768w, https:\/\/www.berniland.ro\/tm\/wp-content\/uploads\/2020\/01\/IMG_1256-1536x692.jpg 1536w, https:\/\/www.berniland.ro\/tm\/wp-content\/uploads\/2020\/01\/IMG_1256-2048x923.jpg 2048w\" sizes=\"auto, (max-width: 1024px) 100vw, 1024px\" \/><\/figure>\n","protected":false},"excerpt":{"rendered":"<p>Disponibili 2 masculi nascuti in 16.09.2024 din Cijana Bern Haus on Oka si Cash of Berniland LIKA OF BERNILAND- CAC\/CACIB CAREI 21\/09\/2024&#8230;.EXC1,2CACJ,2BEST JUNIOR. Catei Ciobanesc de Berna din Venelia si Cash of Berniland ,nascuti pe 10.11.2023 &nbsp; &nbsp; &nbsp; &nbsp; &hellip; <a href=\"https:\/\/www.berniland.ro\/tm\/noutati\/\">Continue reading <span class=\"meta-nav\">&rarr;<\/span><\/a><\/p>\n","protected":false},"author":1,"featured_media":0,"parent":0,"menu_order":1,"comment_status":"open","ping_status":"open","template":"page-blog.php","meta":{"footnotes":""},"class_list":["post-175","page","type-page","status-publish","hentry"],"jetpack_sharing_enabled":true,"_links":{"self":[{"href":"https:\/\/www.berniland.ro\/tm\/wp-json\/wp\/v2\/pages\/175","targetHints":{"allow":["GET"]}}],"collection":[{"href":"https:\/\/www.berniland.ro\/tm\/wp-json\/wp\/v2\/pages"}],"about":[{"href":"https:\/\/www.berniland.ro\/tm\/wp-json\/wp\/v2\/types\/page"}],"author":[{"embeddable":true,"href":"https:\/\/www.berniland.ro\/tm\/wp-json\/wp\/v2\/users\/1"}],"replies":[{"embeddable":true,"href":"https:\/\/www.berniland.ro\/tm\/wp-json\/wp\/v2\/comments?post=175"}],"version-history":[{"count":22,"href":"https:\/\/www.berniland.ro\/tm\/wp-json\/wp\/v2\/pages\/175\/revisions"}],"predecessor-version":[{"id":1552,"href":"https:\/\/www.berniland.ro\/tm\/wp-json\/wp\/v2\/pages\/175\/revisions\/1552"}],"wp:attachment":[{"href":"https:\/\/www.berniland.ro\/tm\/wp-json\/wp\/v2\/media?parent=175"}],"curies":[{"name":"wp","href":"https:\/\/api.w.org\/{rel}","templated":true}]}}