{"id":20,"date":"2012-07-14T20:14:41","date_gmt":"2012-07-14T20:14:41","guid":{"rendered":"http:\/\/www.berniland.ro\/tm\/?page_id=20"},"modified":"2018-12-12T11:13:32","modified_gmt":"2018-12-12T11:13:32","slug":"labanc-volgyi-lucky","status":"publish","type":"page","link":"https:\/\/www.berniland.ro\/tm\/veterani\/labanc-volgyi-lucky\/","title":{"rendered":"LABANC-VOLGYI LUCKY GUY"},"content":{"rendered":"<p style=\"text-align: left;\"><a href=\"http:\/\/www.berniland.ro\/tm\/wp-content\/uploads\/2013\/04\/lucky.png\"><img loading=\"lazy\" decoding=\"async\" class=\"aligncenter size-full wp-image-207\" src=\"http:\/\/www.berniland.ro\/tm\/wp-content\/uploads\/2013\/04\/lucky.png\" alt=\"lucky-caini\" width=\"618\" height=\"246\" srcset=\"https:\/\/www.berniland.ro\/tm\/wp-content\/uploads\/2013\/04\/lucky.png 618w, https:\/\/www.berniland.ro\/tm\/wp-content\/uploads\/2013\/04\/lucky-300x119.png 300w\" sizes=\"auto, (max-width: 618px) 100vw, 618px\" \/><\/a><\/p>\n<p style=\"text-align: left;\"><strong>Nascut la 04.08.2008-\u00a0 \u00a0 12.2016<\/strong><\/p>\n<p><strong>Tatal:<\/strong> <strong>DELOWAR GEORGE VON TRAUBENBERG<\/strong><\/p>\n<p style=\"padding-left: 30px;\"><strong> Bunici:<\/strong><\/p>\n<ul>\n<li><strong>YASPER VD.SAMAIKA <\/strong>(L.CH,NL.CH,BOB,CACIB,CAC)<\/li>\n<li><strong>MAGLOD-FALVI ZORA <\/strong>(CAC,RCAC,MKSZCAC)<\/li>\n<\/ul>\n<p><strong>Mama:<\/strong> <strong>ERDI BERNI ALOM<\/strong> (BGCH.,MK.CH,MKJCH,BIHJCH,BGJCH,ROJCH,2BOB,2CACIB,6CAC,RCAC,7PJ)<\/p>\n<p style=\"padding-left: 30px;\"><strong>Bunici:<\/strong><\/p>\n<ul>\n<li><strong>ZALAPARTI-BERNI O&#8217;MEN <\/strong>(ICH,HJCH,CH ofCH03,EU JW 03,HSCH,HCH,HRCH,),<\/li>\n<li><strong>WEKERLEI-NAGYMEDVE FLORT<\/strong><\/li>\n<\/ul>\n<p style=\"text-align: center;\">[box] <span style=\"color: #0000ff;\"><strong>test de displazie: HD-A\/ED-0<\/strong><\/span>[\/box]<\/p>\n<p><strong>EXPOZITII<\/strong><\/p>\n<p>29.04.2011-DAC MOLLOS CLUB;CL.DESCHISA-<strong>EXC,CAC<\/strong>: ARBITRU-BRANDUSA GHEORGHIU<\/p>\n<p>30.04.2011- CACIB TIMISOARA-CL.DESCHISA-<strong>EXC<\/strong>: ARBITRU-MASSIMO INZZOLI<\/p>\n<p>01.05.2011- CACIB TIMISOARA(EXPOZ. DE CAMPIONAT)-CL.DESCHISA-<strong>EXC,CAC<\/strong>: ARBITRU-LOKODI ZSOLT.<\/p>\n<p>04.06.2011- CAC CLUJ:CL.DESCH-<strong>EXC.,CAC,BOB<\/strong>: ARBITRU-JOAO VASCO POCAS<\/p>\n<p>04.06.2011- CACIB CLUJ:CL.DESCH.-<strong>EXC,CAC,CACIB,BOB<\/strong>: ARBITRU-ANATOLI ZHUK<\/p>\n<p>22.10.2011- CAC BAIA MARE;CL.DESCHISA-<strong>EXC,CAC<\/strong>: ARBITRU-PETRU MUNTEANU<\/p>\n<p>23.10.2011 &#8211; CACIB BAIA MARE;CL.DESCHISA-<strong>EXC,CAC,RCACIB<\/strong>: ARBITRU-HANS BIERWOLF<\/p>\n<p>11.02.2012 &#8211; CAC-DERBY TIMISOARA;CL.DESCHISA-<strong>EXC,CAC,BOB<\/strong>: ARBITRU-AUGUSTIN IONESCU<\/p>\n<p><strong>\u00a0 \u00a0 \u00a0 \u00a0 \u00a0 \u00a0 \u00a0 \u00a0 \u00a0 \u00a0 \u00a0 \u00a0 \u00a0 \u00a0 \u00a0 \u00a0 \u00a0 \u00a0<span style=\"text-decoration: underline;\"> CAMPION DE ROMANIA<\/span><\/strong><\/p>\n<p>10.03.2012 &#8211; CACIB ARAD;CL.DESCHISA-<strong>EXC,CAC,CACIB,BOB<\/strong>: ARBITRU-Leo\u0161 Jan\u010d\u00edk<\/p>\n<p>11.03.2012 &#8211; CACIB ARAD;CL.DESCHISA-<strong>EXC<\/strong>: ARBITRU-ROBERTO SCHILL<\/p>\n<p>06.05.2012 &#8211; CACIB TIMISOARA\u201dOPEN-CL.CAMPION;<strong>EXC.2,RCACIB<\/strong>: ARBITRU-PETRU MUNTEANU<\/p>\n<p>19.01.2013-CACIB TIMISOARA;CL.CAMPION-<strong>EXC,CAC,CACIB,BOB<\/strong>: ARBITRU-ANDREEA CSATARI<\/p>\n<p>19.01.2013-TURNEUL CAMPIONILOR 2012;CL.CAMPION-<strong>EXC.1,CH.OF.CH<\/strong>.: ARBITRU-PETRU MUNTEANU<\/p>\n<p>19.01.2013 <strong>CAMPIONUL CAMPIONILOR 2012<\/strong><\/p>\n<p>31.03.2013-CACIB VRSAC;CL.CAMPIONI-<strong>EXC,CAC<\/strong>;ARBITRU-PREDRAG GVOZDENOVIC.<\/p>\n<p>31.03.2013 <span style=\"text-decoration: underline;\"><strong>SERBIA CAMPION<\/strong><\/span><\/p>\n<p>06.04.2013-CAC KIKINDA;CL.CAMPIONI-<strong>EXC,CAC<\/strong>;ARBITRU-JOKSIMOVIC BORIVOJE<strong><br \/>\n<\/strong><\/p>\n<p>13.04.2013-CACIB SATU MARE:CL.CAMPION-<strong>EXC 3<\/strong>:ARBITRU SZABO SANDOR<\/p>\n<p>14.04.2013-CACIB SATU MARE:CL.CAMPION-<strong>EXC <\/strong><strong>2<\/strong>:ARBITRU BORIS CHAPIRO<\/p>\n<p>26.10.2013-CAC DOG SHOW SPECIALITY.BSH CLUB,UNGARIA;CL.DESCHISA-<strong>EXC.2<\/strong>,<strong>RES.CAC<\/strong>.;ARBITRU DR.BALOGH KATALIN<\/p>\n<p>25.01.2014-CAC TIMISOARA;CL.CAMPION-<strong>EXC,CACL,BEST MALE,BOB<\/strong>;ARBITRU-MARIAN DRAGANESCU.<\/p>\n<p>25.01.2014-TURNEUL CAMPIONILOR 2013;CL.CAMPION-<strong>EXC,CH.OF.CH.2013<\/strong>,BOB;ARBITRU-MARIAN DRAGANESCU.<\/p>\n<p>26.01.2014-CAC TIMISOARA;CL.CAMPION-<strong>EXC,CACL,BEST MALE,BOB<\/strong>;ARBITRU-ALEXANDRU SZLAHOTKA.<\/p>\n<p><span style=\"text-decoration: underline;\"><strong> CAMPION ROMANIA CUM LAUDAE<\/strong><\/span><\/p>\n<p>30.03.2014-CACIB VRSAC;CL.CAMPION-<strong>EXC,CAC,RCACIB<\/strong>;ARBITRU-PREDRAG ZIKIC\/<\/p>\n","protected":false},"excerpt":{"rendered":"<p>Nascut la 04.08.2008-\u00a0 \u00a0 12.2016 Tatal: DELOWAR GEORGE VON TRAUBENBERG Bunici: YASPER VD.SAMAIKA (L.CH,NL.CH,BOB,CACIB,CAC) MAGLOD-FALVI ZORA (CAC,RCAC,MKSZCAC) Mama: ERDI BERNI ALOM (BGCH.,MK.CH,MKJCH,BIHJCH,BGJCH,ROJCH,2BOB,2CACIB,6CAC,RCAC,7PJ) Bunici: ZALAPARTI-BERNI O&#8217;MEN (ICH,HJCH,CH ofCH03,EU JW 03,HSCH,HCH,HRCH,), WEKERLEI-NAGYMEDVE FLORT [box] test de displazie: HD-A\/ED-0[\/box] EXPOZITII 29.04.2011-DAC MOLLOS CLUB;CL.DESCHISA-EXC,CAC: &hellip; <a href=\"https:\/\/www.berniland.ro\/tm\/veterani\/labanc-volgyi-lucky\/\">Continue reading <span class=\"meta-nav\">&rarr;<\/span><\/a><\/p>\n","protected":false},"author":1,"featured_media":0,"parent":11,"menu_order":2,"comment_status":"open","ping_status":"closed","template":"","meta":{"footnotes":""},"class_list":["post-20","page","type-page","status-publish","hentry"],"jetpack_sharing_enabled":true,"_links":{"self":[{"href":"https:\/\/www.berniland.ro\/tm\/wp-json\/wp\/v2\/pages\/20","targetHints":{"allow":["GET"]}}],"collection":[{"href":"https:\/\/www.berniland.ro\/tm\/wp-json\/wp\/v2\/pages"}],"about":[{"href":"https:\/\/www.berniland.ro\/tm\/wp-json\/wp\/v2\/types\/page"}],"author":[{"embeddable":true,"href":"https:\/\/www.berniland.ro\/tm\/wp-json\/wp\/v2\/users\/1"}],"replies":[{"embeddable":true,"href":"https:\/\/www.berniland.ro\/tm\/wp-json\/wp\/v2\/comments?post=20"}],"version-history":[{"count":17,"href":"https:\/\/www.berniland.ro\/tm\/wp-json\/wp\/v2\/pages\/20\/revisions"}],"predecessor-version":[{"id":1190,"href":"https:\/\/www.berniland.ro\/tm\/wp-json\/wp\/v2\/pages\/20\/revisions\/1190"}],"up":[{"embeddable":true,"href":"https:\/\/www.berniland.ro\/tm\/wp-json\/wp\/v2\/pages\/11"}],"wp:attachment":[{"href":"https:\/\/www.berniland.ro\/tm\/wp-json\/wp\/v2\/media?parent=20"}],"curies":[{"name":"wp","href":"https:\/\/api.w.org\/{rel}","templated":true}]}}