{"id":64,"date":"2013-04-03T12:28:22","date_gmt":"2013-04-03T12:28:22","guid":{"rendered":"http:\/\/www.berniland.ro\/tm\/?page_id=64"},"modified":"2018-12-12T11:06:22","modified_gmt":"2018-12-12T11:06:22","slug":"labanc-volgyi-irisz","status":"publish","type":"page","link":"https:\/\/www.berniland.ro\/tm\/veterani\/labanc-volgyi-irisz\/","title":{"rendered":"LABANC-VOLGYI IRISZ"},"content":{"rendered":"<p align=\"left\"><a href=\"http:\/\/www.berniland.ro\/tm\/wp-content\/uploads\/2013\/04\/irisz.png\"><img loading=\"lazy\" decoding=\"async\" class=\"aligncenter size-full wp-image-199\" src=\"http:\/\/www.berniland.ro\/tm\/wp-content\/uploads\/2013\/04\/irisz.png\" alt=\"irisz-caini\" width=\"618\" height=\"246\" srcset=\"https:\/\/www.berniland.ro\/tm\/wp-content\/uploads\/2013\/04\/irisz.png 618w, https:\/\/www.berniland.ro\/tm\/wp-content\/uploads\/2013\/04\/irisz-300x119.png 300w\" sizes=\"auto, (max-width: 618px) 100vw, 618px\" \/><\/a><\/p>\n<p align=\"left\"><strong>Nascuta la 09.09.2007-01.06.2015<\/strong><\/p>\n<p align=\"left\"><strong>Tatal:<\/strong> <strong>GRUNSCHNABEL CIRO &#8220;ZENO&#8221;<\/strong> (SHKK KLUBK\u00d6LY\u00d6K .BIS, BGJCH, BIHJCH, SRBJCH, Ch of Ch.)<\/p>\n<p style=\"padding-left: 30px;\"><strong>Bunici:<\/strong><\/p>\n<ul>\n<li><strong>CIRO Z MOKROVOUS<\/strong> (HPJ, 29CAC, 8RCAC, 4CACIB, RCACIB, 10HFGY, 7BOB, 2BOG3, CHBIS RBIS, CHBIS RBOG)<\/li>\n<li>GRUNSCHNABEL EVELYNE (2RCAC)<\/li>\n<\/ul>\n<p align=\"left\"><strong>Mama:<\/strong> <strong>SZEKESPARTI BESSY (SZANDRA)<\/strong> (Danubius Sz\u00e9pe, MKSZ K\u00d6LY. RES BIS, HPJ, 6\u00d7MKSZ CAC, 3\u00d7MKSZ HFGY,MKSZ KLUBGY\u00d5ZTES \u00c9S DERBY GY.)<\/p>\n<p style=\"padding-left: 30px;\" align=\"left\"><strong>Bunici:<\/strong><\/p>\n<ul>\n<li><strong> ABONY &#8211; BERCI QUITON<\/strong> (BIS, 2XBOB, CAC, RCAC)<\/li>\n<li><strong>PAPORSEGI BERTA<\/strong><\/li>\n<\/ul>\n<p align=\"left\"><strong>EXPOZITII:<\/strong><\/p>\n<p align=\"left\">29.03.2008 &#8211; CAC MKSZ BUDAPESTA-CL.PUPPY:F.PROMITATOR :ARBITRU-HAAS GABOR<\/p>\n<p align=\"left\">19.04.2008 &#8211; CACIB SATU-MARE;CL.PUPPY: F.PROMITATOR,BEST PUPPY; ARBITRU &#8211; MILIVOJE UROSEVIC<\/p>\n<p>20.04.2008 &#8211; CACIB SATU-MARE;CL.PUPPY: F.PROMITATOR, BEST PUPPY; ARBITRU &#8211; KELEMEN ATTILA<\/p>\n<p>08.06.2008 &#8211; CAC LUGOJ &#8211; CL.JUNIORI-EXC.1, RPJ-ARBITRU: MARIUS ILIEV<\/p>\n<p>14.06.08 &#8211; CACIB SIBIU &#8211; CL.JUNIORI-EXC2 -ARBITRU; MARIUS ILIEV<\/p>\n<p>15.06.08 &#8211; CAC SIBIU &#8211; CL.JUNIORI-EXC2 &#8211; ARBITRU: YOLANDA MAGAL NAGLER<\/p>\n<p>9.07.2008-CACIB KAMCHIA,CL.JUNIORI-EXC,BJC;ARBITRU-PLAMEN CHUBUROV<\/p>\n<p>21.07.2008-CAC KAMCHIA,CL.JUNIORI-EXC,BJC<\/p>\n<p>21.07.2008-<strong>CAMPION DE JUNIORI BULGARIA<\/strong><\/p>\n<p>23.07.2008-CAC MK KAMCIJA,CL.JUNIORI-EXC,PRM;ARBITRU-SVETLANA RADJYK<\/p>\n<p>23.07.2008-<strong>CAMPION DE JUNIORI MACEDONIA<\/strong><\/p>\n<p>24.07.2008-CLUB GRUPA 2,CL.JUNIORI-EXC,PRM<\/p>\n<p>24.07.2008-<strong>CAMPION DE JUNIOR DE CLUB<\/strong><\/p>\n<p>25.07.2008-CAC MONTENEGRO KAMCIJA,CL.JUNIORI-EXC,PRM<\/p>\n<p>25.07.2008-<strong>CAMPION DE JUNIOR \u00a0MONTENEGRO<\/strong><\/p>\n<p align=\"center\"><strong>CAMPION DE JUNIOR BALCANI<\/strong><\/p>\n<p align=\"left\">14.02.2009 &#8211; TOP JUNIOR FEMALE 2008<\/p>\n","protected":false},"excerpt":{"rendered":"<p>Nascuta la 09.09.2007-01.06.2015 Tatal: GRUNSCHNABEL CIRO &#8220;ZENO&#8221; (SHKK KLUBK\u00d6LY\u00d6K .BIS, BGJCH, BIHJCH, SRBJCH, Ch of Ch.) Bunici: CIRO Z MOKROVOUS (HPJ, 29CAC, 8RCAC, 4CACIB, RCACIB, 10HFGY, 7BOB, 2BOG3, CHBIS RBIS, CHBIS RBOG) GRUNSCHNABEL EVELYNE (2RCAC) Mama: SZEKESPARTI BESSY (SZANDRA) (Danubius &hellip; <a href=\"https:\/\/www.berniland.ro\/tm\/veterani\/labanc-volgyi-irisz\/\">Continue reading <span class=\"meta-nav\">&rarr;<\/span><\/a><\/p>\n","protected":false},"author":1,"featured_media":0,"parent":11,"menu_order":2,"comment_status":"open","ping_status":"closed","template":"","meta":{"footnotes":""},"class_list":["post-64","page","type-page","status-publish","hentry"],"jetpack_sharing_enabled":true,"_links":{"self":[{"href":"https:\/\/www.berniland.ro\/tm\/wp-json\/wp\/v2\/pages\/64","targetHints":{"allow":["GET"]}}],"collection":[{"href":"https:\/\/www.berniland.ro\/tm\/wp-json\/wp\/v2\/pages"}],"about":[{"href":"https:\/\/www.berniland.ro\/tm\/wp-json\/wp\/v2\/types\/page"}],"author":[{"embeddable":true,"href":"https:\/\/www.berniland.ro\/tm\/wp-json\/wp\/v2\/users\/1"}],"replies":[{"embeddable":true,"href":"https:\/\/www.berniland.ro\/tm\/wp-json\/wp\/v2\/comments?post=64"}],"version-history":[{"count":11,"href":"https:\/\/www.berniland.ro\/tm\/wp-json\/wp\/v2\/pages\/64\/revisions"}],"predecessor-version":[{"id":1189,"href":"https:\/\/www.berniland.ro\/tm\/wp-json\/wp\/v2\/pages\/64\/revisions\/1189"}],"up":[{"embeddable":true,"href":"https:\/\/www.berniland.ro\/tm\/wp-json\/wp\/v2\/pages\/11"}],"wp:attachment":[{"href":"https:\/\/www.berniland.ro\/tm\/wp-json\/wp\/v2\/media?parent=64"}],"curies":[{"name":"wp","href":"https:\/\/api.w.org\/{rel}","templated":true}]}}