{"id":87,"date":"2013-04-03T12:50:16","date_gmt":"2013-04-03T12:50:16","guid":{"rendered":"http:\/\/www.berniland.ro\/tm\/?page_id=87"},"modified":"2017-02-20T13:59:14","modified_gmt":"2017-02-20T13:59:14","slug":"fency-of-berniland","status":"publish","type":"page","link":"https:\/\/www.berniland.ro\/tm\/veterani\/fency-of-berniland\/","title":{"rendered":"FENCY OF BERNILAND"},"content":{"rendered":"<p align=\"left\"><a href=\"http:\/\/www.berniland.ro\/tm\/wp-content\/uploads\/2013\/04\/fency.png\"><img loading=\"lazy\" decoding=\"async\" class=\"aligncenter size-full wp-image-212\" src=\"http:\/\/www.berniland.ro\/tm\/wp-content\/uploads\/2013\/04\/fency.png\" alt=\"fency-caini\" width=\"618\" height=\"246\" srcset=\"https:\/\/www.berniland.ro\/tm\/wp-content\/uploads\/2013\/04\/fency.png 618w, https:\/\/www.berniland.ro\/tm\/wp-content\/uploads\/2013\/04\/fency-300x119.png 300w\" sizes=\"auto, (max-width: 618px) 100vw, 618px\" \/><\/a><\/p>\n<p align=\"left\"><strong>Nascuta la 19.10.2011<\/strong><\/p>\n<p align=\"left\"><strong>Tatal:<\/strong> <strong>LABANC-VOLGYI LUCKY GUY<\/strong> (ROCH,8CAC,2CACIB,2RCACIB,4BOB).<\/p>\n<p style=\"padding-left: 30px;\" align=\"left\"><strong>Bunici:<\/strong><\/p>\n<ul>\n<li><strong>DELOWAR GEORGE VON TRAUBENBERG,\/ ERDI BERNI ALOM<\/strong> (BGCH.,MK.CH,MKJCH,BIHJCH,BGJCH,ROJCH,2BOB,2CACIB,6CAC,RCAC,7PJ).<\/li>\n<li><strong>GRUNSCHNABEL EVELYNE<\/strong> (2RCAC)<\/li>\n<\/ul>\n<p align=\"left\"><strong>Mama: LABANC-VOLGYI IRISZ<\/strong> (BGJCh,MKDJCh,MONTENEGROJCh,RPJ,2BJG,3PRM).<\/p>\n<p style=\"padding-left: 30px;\" align=\"left\"><strong>Bunici:<\/strong><\/p>\n<ul>\n<li><strong>GRUNSCHNABEL CIRO &#8220;ZENO&#8221;<\/strong> (SHKK KLUBK\u00d6LY\u00d6K .BIS, BGJCH, BIHJCH, SRBJCH, Ch of Ch.)<\/li>\n<li><strong>SZEKESPARTI BESSY (SZANDRA)<\/strong> (Danubius Sz\u00e9pe, MKSZ K\u00d6LY. RES BIS, HPJ, 6\u00d7MKSZ CAC, 3\u00d7MKSZ HFGY,MKSZ KLUBGY\u00d5ZTES \u00c9S DERBY GY.)<\/li>\n<\/ul>\n<p style=\"text-align: center;\" align=\"left\">[box]<strong><span style=\"color: #0000ff;\"> test de displazie: HD-B\/ED-0<\/span><\/strong>[\/box]<\/p>\n<p align=\"left\"><strong>EXPOZITII:<\/strong><\/p>\n<p>01.09.2012-CACIB ARAD;CL.JUN.-<strong>EXC.3<\/strong>:ARBITRU-CRISTIAN STAVARACHE<\/p>\n<p>10.11.2012-CACIB CRAIOVA;CL.JUN.-<strong>EXC.1,JCAC,BEST JUNIOR,BOB<\/strong>:ARBITRU-BRANKOVIC ZORAN<\/p>\n<p>19.01.2013-CACIB TIMISOARA;CL.JUN.-<strong>EXC,CACJ<\/strong>:ARBITRU-ANDREEA CSATARI<\/p>\n<p>19.01.2013\u00a0 \u00a0 \u00a0 \u00a0\u00a0 <strong>ROMANIA JUNIOR CHAMPION<\/strong><\/p>\n<p>31.03.2013-CACIB VRSAC;INTERM.CL.-<strong>EXC,CAC,RCACIB<\/strong>;ARBITRU-PREDRAG GVOZDENOVIC<\/p>\n<p>06.04.2013-CAC KIKINDA;CL.INTERMED.-<strong>EXC,CAC<\/strong>;ARBITRU-JOKSIMOVIC BORIVOJE<\/p>\n<p>06.04.2013 \u00a0 \u00a0 \u00a0\u00a0 <strong><strong><strong>SERBIA CHAMPION<\/strong><\/strong><\/strong><\/p>\n<p>13.04.2013-CACIB SATU MARE:CL.INTERM-<strong>EXC 1,CAC,CACIB<\/strong>:ARBITRU-SZABO SANDOR<\/p>\n<p>14.04.2013-CACIB SATU MARE:CL.INTERM-<strong>EXC 1,CAC,RCACIB<\/strong>:ARBITRU-BORIS CHAPIRO<\/p>\n<p>27.04.2013-CACIB(OPEN) TIMISOARA;CL.DESCHISA-<strong>EXC,CAC<\/strong>;ARBITRU-PAPP VASILE<\/p>\n<p>28.04.2013-CACIB TIMISOARA;CL.DESCHISA-<strong>EXC,CAC<\/strong>;ARBITRU-REVAZ KHOMASURIDZE (RUS)<\/p>\n<p>05.10.2013-CACIB BAIA MARE;CL.DESCHISA-<strong>EXC,CAC,CACIB,BEST<\/strong> <strong>FEMALE,BOB<\/strong>:ARBITRU-MENTASTI GIANERCOLE(IT).<\/p>\n<p>06.10.2013-CACIB BAIA MARE;CL.DESCHISA-<strong>EXC,CAC,CACIB,BEST<\/strong> <strong>FEMALE,BOB<\/strong>:ARBITRU-BORIS BAIC(SLO).<\/p>\n<p>26.10.2013-CAC SPECIALITY DOG SHOW,BSH CLUB;CL.DESCHISA-<strong>FB<\/strong>;ARBITRU-DR.BALOGH KATALIN.<\/p>\n<p>20.12.2013 \u00a0<strong><em> ROMANIA CHAMPION<\/em><\/strong><\/p>\n<div><\/div>\n","protected":false},"excerpt":{"rendered":"<p>Nascuta la 19.10.2011 Tatal: LABANC-VOLGYI LUCKY GUY (ROCH,8CAC,2CACIB,2RCACIB,4BOB). Bunici: DELOWAR GEORGE VON TRAUBENBERG,\/ ERDI BERNI ALOM (BGCH.,MK.CH,MKJCH,BIHJCH,BGJCH,ROJCH,2BOB,2CACIB,6CAC,RCAC,7PJ). GRUNSCHNABEL EVELYNE (2RCAC) Mama: LABANC-VOLGYI IRISZ (BGJCh,MKDJCh,MONTENEGROJCh,RPJ,2BJG,3PRM). Bunici: GRUNSCHNABEL CIRO &#8220;ZENO&#8221; (SHKK KLUBK\u00d6LY\u00d6K .BIS, BGJCH, BIHJCH, SRBJCH, Ch of Ch.) SZEKESPARTI BESSY (SZANDRA) &hellip; <a href=\"https:\/\/www.berniland.ro\/tm\/veterani\/fency-of-berniland\/\">Continue reading <span class=\"meta-nav\">&rarr;<\/span><\/a><\/p>\n","protected":false},"author":1,"featured_media":0,"parent":11,"menu_order":1,"comment_status":"open","ping_status":"closed","template":"","meta":{"footnotes":""},"class_list":["post-87","page","type-page","status-publish","hentry"],"jetpack_sharing_enabled":true,"_links":{"self":[{"href":"https:\/\/www.berniland.ro\/tm\/wp-json\/wp\/v2\/pages\/87","targetHints":{"allow":["GET"]}}],"collection":[{"href":"https:\/\/www.berniland.ro\/tm\/wp-json\/wp\/v2\/pages"}],"about":[{"href":"https:\/\/www.berniland.ro\/tm\/wp-json\/wp\/v2\/types\/page"}],"author":[{"embeddable":true,"href":"https:\/\/www.berniland.ro\/tm\/wp-json\/wp\/v2\/users\/1"}],"replies":[{"embeddable":true,"href":"https:\/\/www.berniland.ro\/tm\/wp-json\/wp\/v2\/comments?post=87"}],"version-history":[{"count":42,"href":"https:\/\/www.berniland.ro\/tm\/wp-json\/wp\/v2\/pages\/87\/revisions"}],"predecessor-version":[{"id":1087,"href":"https:\/\/www.berniland.ro\/tm\/wp-json\/wp\/v2\/pages\/87\/revisions\/1087"}],"up":[{"embeddable":true,"href":"https:\/\/www.berniland.ro\/tm\/wp-json\/wp\/v2\/pages\/11"}],"wp:attachment":[{"href":"https:\/\/www.berniland.ro\/tm\/wp-json\/wp\/v2\/media?parent=87"}],"curies":[{"name":"wp","href":"https:\/\/api.w.org\/{rel}","templated":true}]}}